{"id":16,"date":"2013-11-05T17:56:26","date_gmt":"2013-11-05T16:56:26","guid":{"rendered":"http:\/\/elanor.deliverance.be\/?page_id=16"},"modified":"2024-04-29T21:37:42","modified_gmt":"2024-04-29T19:37:42","slug":"lothelanor","status":"publish","type":"page","link":"http:\/\/elanor.deliverance.be\/?page_id=16","title":{"rendered":"Lothelanor"},"content":{"rendered":"\n<p class=\"has-drop-cap\"><strong>Lothelanor <\/strong>is ons tijdschrift, <strong>een blad voor maar vooral ook door onze leden<\/strong>. Bijna alle bijdragen worden door onze eigen leden aangeleverd, een enkele keer wordt een anderstalig artikel vertaald en besproken. De inhoud kan daardoor nogal vari\u00ebren.<\/p>\n\n\n\n<p>Er staat altijd wel minstens \u00e9\u00e9n artikel in dat dieper ingaat op <strong>de wereld van Midden-aarde<\/strong>. Ook de films worden hierbij niet vergeten, net zo min als het andere werk van de professor, dat zich niet in Midden-aarde afspeelt. Passeren ook regelmatig de revue: taallessen, boekbesprekingen, kortverhalen, spelletjes, raadsels, nonsensverhaaltjes\u2026<\/p>\n\n\n\n<p>Het blad wordt al enige tijd elektronisch beschikbaar gesteld als <strong>pdf<\/strong>. <\/p>\n\n\n\n<p>Nieuwsgierig naar hoe dat er dan uitziet? Download hier <a rel=\"noreferrer noopener\" style=\"color:#db8936\" href=\"https:\/\/drive.google.com\/file\/d\/1EJPvpigyfzbgcz-a1x5GwEg6KuoiA_je\/view?usp=sharing\" data-type=\"URL\" data-id=\"https:\/\/drive.google.com\/file\/d\/1EJPvpigyfzbgcz-a1x5GwEg6KuoiA_je\/view?usp=sharing\" target=\"_blank\"><strong>Lothelanor 15 (mei 2014)<\/strong><\/a><\/p>\n\n\n\n<p><\/p>\n\n\n\n<h2><strong><span style=\"color:#db8936\" class=\"has-inline-color\">Oproep<\/span><\/strong><\/h2>\n\n\n\n<p class=\"has-background\" style=\"background-color:#faf1e0\">Een blad voor en door leden blijft maar bestaan zolang diezelfde leden ook in hun pen kruipen.<br>We zijn altijd op zoek naar verse pennenvruchten.<br><br>Schrijf je wel eens een fantasy kortverhaal, of maak je af en toe fantastische tekeningen en illustraties? Vind je dat dat ene fantasy boek meer moet gelezen worden? Heb je het ultieme Lembas recept gevonden? Of wil je absoluut je mening kwijt over Tom Bombadil aan een gelijkgestemd publiek?<br><br>Stuur je artikels, verhalen, boekbesprekingen, moppen, raadsels recepten,&#8230; of artwork naar <a href=\"mailto:redactie@elanor.be\">redactie@elanor.be<\/a> !<br>De redactie zal je eeuwig dankbaar zijn.<\/p>\n","protected":false},"excerpt":{"rendered":"<p>Lothelanor is ons tijdschrift, een blad voor maar vooral ook door onze leden. Bijna alle bijdragen worden door onze eigen leden aangeleverd, een enkele keer wordt een anderstalig artikel vertaald en besproken. De inhoud kan daardoor nogal vari\u00ebren. Er staat altijd wel minstens \u00e9\u00e9n artikel in dat dieper ingaat op de wereld van Midden-aarde. Ook [&hellip;]<\/p>\n","protected":false},"author":1,"featured_media":0,"parent":0,"menu_order":0,"comment_status":"closed","ping_status":"open","template":"","meta":[],"_links":{"self":[{"href":"http:\/\/elanor.deliverance.be\/index.php?rest_route=\/wp\/v2\/pages\/16"}],"collection":[{"href":"http:\/\/elanor.deliverance.be\/index.php?rest_route=\/wp\/v2\/pages"}],"about":[{"href":"http:\/\/elanor.deliverance.be\/index.php?rest_route=\/wp\/v2\/types\/page"}],"author":[{"embeddable":true,"href":"http:\/\/elanor.deliverance.be\/index.php?rest_route=\/wp\/v2\/users\/1"}],"replies":[{"embeddable":true,"href":"http:\/\/elanor.deliverance.be\/index.php?rest_route=%2Fwp%2Fv2%2Fcomments&post=16"}],"version-history":[{"count":7,"href":"http:\/\/elanor.deliverance.be\/index.php?rest_route=\/wp\/v2\/pages\/16\/revisions"}],"predecessor-version":[{"id":1462,"href":"http:\/\/elanor.deliverance.be\/index.php?rest_route=\/wp\/v2\/pages\/16\/revisions\/1462"}],"wp:attachment":[{"href":"http:\/\/elanor.deliverance.be\/index.php?rest_route=%2Fwp%2Fv2%2Fmedia&parent=16"}],"curies":[{"name":"wp","href":"https:\/\/api.w.org\/{rel}","templated":true}]}}